{"id":2206,"date":"2025-12-17T05:04:46","date_gmt":"2025-12-17T05:04:46","guid":{"rendered":"https:\/\/minimalview.shop\/?post_type=product&#038;p=2206"},"modified":"2025-12-17T07:17:21","modified_gmt":"2025-12-17T07:17:21","slug":"keplin-ketzonas-legkevereses-fritoz-extra-nagy-9-literes-urtartalom-6-fozesi-funkcio-energiatakarekos-csaladi-fozo-piritashoz-suteshez-es-ropogosra-suteshez","status":"publish","type":"product","link":"https:\/\/minimalview.shop\/es\/producto\/keplin-ketzonas-legkevereses-fritoz-extra-nagy-9-literes-urtartalom-6-fozesi-funkcio-energiatakarekos-csaladi-fozo-piritashoz-suteshez-es-ropogosra-suteshez\/","title":{"rendered":"Keplin k\u00e9tz\u00f3n\u00e1s forr\u00f3leveg\u0151s frit\u0151z - 9L csal\u00e1di l\u00e9gs\u00fct\u0151 6 funkci\u00f3val"},"content":{"rendered":"<div data-elementor-type=\"product-post\" data-elementor-id=\"2206\" class=\"elementor elementor-2206\" data-elementor-post-type=\"product\">\n\t\t\t\t<div class=\"elementor-element elementor-element-0efa7b2 e-flex e-con-boxed e-con e-parent\" data-id=\"0efa7b2\" data-element_type=\"container\" data-settings=\"{&quot;ekit_has_onepagescroll_dot&quot;:&quot;yes&quot;}\">\n\t\t\t\t\t<div class=\"e-con-inner\">\n\t\t\t\t<div class=\"elementor-element elementor-element-f824dfc elementor-widget elementor-widget-image\" data-id=\"f824dfc\" data-element_type=\"widget\" data-settings=\"{&quot;ekit_we_effect_on&quot;:&quot;none&quot;}\" data-widget_type=\"image.default\">\n\t\t\t\t<div class=\"elementor-widget-container\">\n\t\t\t\t\t\t\t\t\t\t\t\t\t\t\t<img fetchpriority=\"high\" decoding=\"async\" width=\"800\" height=\"314\" src=\"https:\/\/minimalview.shop\/wp-content\/uploads\/2025\/12\/7-1024x402-4.jpg\" class=\"attachment-large size-large wp-image-2227 wvs-archive-product-image\" alt=\"\" srcset=\"https:\/\/minimalview.shop\/wp-content\/uploads\/2025\/12\/7-1024x402-4.jpg 1024w, https:\/\/minimalview.shop\/wp-content\/uploads\/2025\/12\/7-1024x402-4-300x118.jpg 300w, https:\/\/minimalview.shop\/wp-content\/uploads\/2025\/12\/7-1024x402-4-768x302.jpg 768w, https:\/\/minimalview.shop\/wp-content\/uploads\/2025\/12\/7-1024x402-4-18x7.jpg 18w, https:\/\/minimalview.shop\/wp-content\/uploads\/2025\/12\/7-1024x402-4-600x236.jpg 600w\" sizes=\"(max-width: 800px) 100vw, 800px\" \/>\t\t\t\t\t\t\t\t\t\t\t\t\t\t\t<\/div>\n\t\t\t\t<\/div>\n\t\t\t\t<div class=\"elementor-element elementor-element-5007b2b elementor-widget elementor-widget-image\" data-id=\"5007b2b\" data-element_type=\"widget\" data-settings=\"{&quot;ekit_we_effect_on&quot;:&quot;none&quot;}\" data-widget_type=\"image.default\">\n\t\t\t\t<div class=\"elementor-widget-container\">\n\t\t\t\t\t\t\t\t\t\t\t\t\t\t\t<img decoding=\"async\" width=\"800\" height=\"314\" src=\"https:\/\/minimalview.shop\/wp-content\/uploads\/2025\/12\/6-1024x402-4.jpg\" class=\"attachment-large size-large wp-image-2226 wvs-archive-product-image\" alt=\"\" srcset=\"https:\/\/minimalview.shop\/wp-content\/uploads\/2025\/12\/6-1024x402-4.jpg 1024w, https:\/\/minimalview.shop\/wp-content\/uploads\/2025\/12\/6-1024x402-4-300x118.jpg 300w, https:\/\/minimalview.shop\/wp-content\/uploads\/2025\/12\/6-1024x402-4-768x302.jpg 768w, https:\/\/minimalview.shop\/wp-content\/uploads\/2025\/12\/6-1024x402-4-18x7.jpg 18w, https:\/\/minimalview.shop\/wp-content\/uploads\/2025\/12\/6-1024x402-4-600x236.jpg 600w\" sizes=\"(max-width: 800px) 100vw, 800px\" \/>\t\t\t\t\t\t\t\t\t\t\t\t\t\t\t<\/div>\n\t\t\t\t<\/div>\n\t\t\t\t<div class=\"elementor-element elementor-element-4bc4bd6 elementor-widget elementor-widget-image\" data-id=\"4bc4bd6\" data-element_type=\"widget\" data-settings=\"{&quot;ekit_we_effect_on&quot;:&quot;none&quot;}\" data-widget_type=\"image.default\">\n\t\t\t\t<div class=\"elementor-widget-container\">\n\t\t\t\t\t\t\t\t\t\t\t\t\t\t\t<img decoding=\"async\" width=\"800\" height=\"314\" src=\"https:\/\/minimalview.shop\/wp-content\/uploads\/2025\/12\/5-1024x402-4.jpg\" class=\"attachment-large size-large wp-image-2224 wvs-archive-product-image\" alt=\"\" srcset=\"https:\/\/minimalview.shop\/wp-content\/uploads\/2025\/12\/5-1024x402-4.jpg 1024w, https:\/\/minimalview.shop\/wp-content\/uploads\/2025\/12\/5-1024x402-4-300x118.jpg 300w, https:\/\/minimalview.shop\/wp-content\/uploads\/2025\/12\/5-1024x402-4-768x302.jpg 768w, https:\/\/minimalview.shop\/wp-content\/uploads\/2025\/12\/5-1024x402-4-18x7.jpg 18w, https:\/\/minimalview.shop\/wp-content\/uploads\/2025\/12\/5-1024x402-4-600x236.jpg 600w\" sizes=\"(max-width: 800px) 100vw, 800px\" \/>\t\t\t\t\t\t\t\t\t\t\t\t\t\t\t<\/div>\n\t\t\t\t<\/div>\n\t\t\t\t<div class=\"elementor-element elementor-element-43e0070 elementor-widget elementor-widget-image\" data-id=\"43e0070\" data-element_type=\"widget\" data-settings=\"{&quot;ekit_we_effect_on&quot;:&quot;none&quot;}\" data-widget_type=\"image.default\">\n\t\t\t\t<div class=\"elementor-widget-container\">\n\t\t\t\t\t\t\t\t\t\t\t\t\t\t\t<img loading=\"lazy\" decoding=\"async\" width=\"800\" height=\"314\" src=\"https:\/\/minimalview.shop\/wp-content\/uploads\/2025\/12\/9-1024x402-4.jpg\" class=\"attachment-large size-large wp-image-2225 wvs-archive-product-image\" alt=\"\" srcset=\"https:\/\/minimalview.shop\/wp-content\/uploads\/2025\/12\/9-1024x402-4.jpg 1024w, https:\/\/minimalview.shop\/wp-content\/uploads\/2025\/12\/9-1024x402-4-300x118.jpg 300w, https:\/\/minimalview.shop\/wp-content\/uploads\/2025\/12\/9-1024x402-4-768x302.jpg 768w, https:\/\/minimalview.shop\/wp-content\/uploads\/2025\/12\/9-1024x402-4-18x7.jpg 18w, https:\/\/minimalview.shop\/wp-content\/uploads\/2025\/12\/9-1024x402-4-600x236.jpg 600w\" sizes=\"(max-width: 800px) 100vw, 800px\" \/>\t\t\t\t\t\t\t\t\t\t\t\t\t\t\t<\/div>\n\t\t\t\t<\/div>\n\t\t\t\t<div class=\"elementor-element elementor-element-beb0a98 elementor-widget elementor-widget-image\" data-id=\"beb0a98\" data-element_type=\"widget\" data-settings=\"{&quot;ekit_we_effect_on&quot;:&quot;none&quot;}\" data-widget_type=\"image.default\">\n\t\t\t\t<div class=\"elementor-widget-container\">\n\t\t\t\t\t\t\t\t\t\t\t\t\t\t\t<img loading=\"lazy\" decoding=\"async\" width=\"800\" height=\"314\" src=\"https:\/\/minimalview.shop\/wp-content\/uploads\/2025\/12\/8-1024x402-4.jpg\" class=\"attachment-large size-large wp-image-2223 wvs-archive-product-image\" alt=\"\" srcset=\"https:\/\/minimalview.shop\/wp-content\/uploads\/2025\/12\/8-1024x402-4.jpg 1024w, https:\/\/minimalview.shop\/wp-content\/uploads\/2025\/12\/8-1024x402-4-300x118.jpg 300w, https:\/\/minimalview.shop\/wp-content\/uploads\/2025\/12\/8-1024x402-4-768x302.jpg 768w, https:\/\/minimalview.shop\/wp-content\/uploads\/2025\/12\/8-1024x402-4-18x7.jpg 18w, https:\/\/minimalview.shop\/wp-content\/uploads\/2025\/12\/8-1024x402-4-600x236.jpg 600w\" sizes=\"(max-width: 800px) 100vw, 800px\" \/>\t\t\t\t\t\t\t\t\t\t\t\t\t\t\t<\/div>\n\t\t\t\t<\/div>\n\t\t\t\t\t<\/div>\n\t\t\t\t<\/div>\n\t\t<div class=\"elementor-element elementor-element-2dcdc23 e-flex e-con-boxed e-con e-parent\" data-id=\"2dcdc23\" data-element_type=\"container\" data-settings=\"{&quot;ekit_has_onepagescroll_dot&quot;:&quot;yes&quot;}\">\n\t\t\t\t\t<div class=\"e-con-inner\">\n\t\t\t\t<div class=\"elementor-element elementor-element-6a6d139 elementor-widget elementor-widget-text-editor\" data-id=\"6a6d139\" data-element_type=\"widget\" data-settings=\"{&quot;ekit_we_effect_on&quot;:&quot;none&quot;}\" data-widget_type=\"text-editor.default\">\n\t\t\t\t<div class=\"elementor-widget-container\">\n\t\t\t\t\t\t\t\t\t<ul>\n<li>\n<p>Energiatakar\u00e9kos f\u0151z\u00e9s: Az exkluz\u00edv egyenletes meleg\u00edt\u00e9si technol\u00f3gi\u00e1nak k\u00f6sz\u00f6nhet\u0151en l\u00e9gkever\u00e9ses frit\u0151z\u00fcnk 50%-kal gyorsabban s\u00fct, mint a hagyom\u00e1nyos s\u00fct\u0151k, \u00edgy ak\u00e1r 55%-ot is megtakar\u00edthat energiasz\u00e1ml\u00e1in.<\/p>\n<p>Prec\u00edzi\u00f3 az \u00ednyenc \u00e9lvezetekhez: 7 el\u0151re be\u00e1ll\u00edtott be\u00e1ll\u00edt\u00e1ssal, bele\u00e9rtve a l\u00e9gkever\u00e9ses s\u00fct\u00e9s, s\u00fct\u00e9s \u00e9s pir\u00edt\u00e1s funkci\u00f3t, valamint a manu\u00e1lis id\u0151- \u00e9s h\u0151m\u00e9rs\u00e9klet-be\u00e1ll\u00edt\u00e1sokkal k\u00f6nnyed\u00e9n k\u00e9sz\u00edthet kiv\u00e1l\u00f3 min\u0151s\u00e9g\u0171, finom \u00e9teleket ezzel a l\u00e9gkever\u00e9ses frit\u0151zzel. A mell\u00e9kelt receptk\u00f6nyv \u00e9s a gyors \u00fczembe helyez\u00e9si \u00fatmutat\u00f3 seg\u00edt felfedezni a kulin\u00e1ris kalandok sz\u00e9les sk\u00e1l\u00e1j\u00e1t.<\/p>\n<p>T\u00e1gas 9 literes XL \/ 9,5 literes kapacit\u00e1s: A digit\u00e1lis l\u00e9gkever\u00e9ses frit\u0151z t\u00f6k\u00e9letes t\u00e9glalap alak\u00fa kosaraiba egy eg\u00e9sz csirke is elf\u00e9r, \u00e9s 15%-kal t\u00f6bb f\u0151z\u0151teret k\u00edn\u00e1lnak, mint a k\u00e9tkosaras l\u00e9gkever\u00e9ses frit\u0151z\u00f6k, \u00edgy biztos\u00edtva az egyenletesen \u00e1ts\u00fclt eredm\u00e9nyt.<\/p>\n<\/li>\n<\/ul>\t\t\t\t\t\t\t\t<\/div>\n\t\t\t\t<\/div>\n\t\t\t\t\t<\/div>\n\t\t\t\t<\/div>\n\t\t\t\t<\/div>","protected":false},"excerpt":{"rendered":"<p>Energiatakar\u00e9kos f\u0151z\u00e9s: Az exkluz\u00edv egyenletes meleg\u00edt\u00e9si technol\u00f3gi\u00e1nak k\u00f6sz\u00f6nhet\u0151en l\u00e9gkever\u00e9ses frit\u0151z\u00fcnk 50%-kal gyorsabban s\u00fct, mint a hagyom\u00e1nyos s\u00fct\u0151k, \u00edgy ak\u00e1r 55%-ot is megtakar\u00edthat energiasz\u00e1ml\u00e1in. Prec\u00edzi\u00f3 az \u00ednyenc \u00e9lvezetekhez: 7 el\u0151re be\u00e1ll\u00edtott be\u00e1ll\u00edt\u00e1ssal, bele\u00e9rtve a l\u00e9gkever\u00e9ses s\u00fct\u00e9s, s\u00fct\u00e9s \u00e9s pir\u00edt\u00e1s funkci\u00f3t, valamint a manu\u00e1lis id\u0151- \u00e9s h\u0151m\u00e9rs\u00e9klet-be\u00e1ll\u00edt\u00e1sokkal k\u00f6nnyed\u00e9n k\u00e9sz\u00edthet kiv\u00e1l\u00f3 min\u0151s\u00e9g\u0171, finom \u00e9teleket ezzel a l\u00e9gkever\u00e9ses frit\u0151zzel. [&hellip;]<\/p>","protected":false},"featured_media":2016,"comment_status":"open","ping_status":"closed","template":"","meta":{"_acf_changed":false},"product_brand":[],"product_cat":[47],"product_tag":[],"class_list":{"0":"post-2206","1":"product","2":"type-product","3":"status-publish","4":"has-post-thumbnail","6":"product_cat-best-seller","8":"first","9":"instock","10":"sale","11":"shipping-taxable","12":"purchasable","13":"product-type-simple"},"acf":[],"_links":{"self":[{"href":"https:\/\/minimalview.shop\/es\/wp-json\/wp\/v2\/product\/2206","targetHints":{"allow":["GET"]}}],"collection":[{"href":"https:\/\/minimalview.shop\/es\/wp-json\/wp\/v2\/product"}],"about":[{"href":"https:\/\/minimalview.shop\/es\/wp-json\/wp\/v2\/types\/product"}],"replies":[{"embeddable":true,"href":"https:\/\/minimalview.shop\/es\/wp-json\/wp\/v2\/comments?post=2206"}],"version-history":[{"count":8,"href":"https:\/\/minimalview.shop\/es\/wp-json\/wp\/v2\/product\/2206\/revisions"}],"predecessor-version":[{"id":2234,"href":"https:\/\/minimalview.shop\/es\/wp-json\/wp\/v2\/product\/2206\/revisions\/2234"}],"wp:featuredmedia":[{"embeddable":true,"href":"https:\/\/minimalview.shop\/es\/wp-json\/wp\/v2\/media\/2016"}],"wp:attachment":[{"href":"https:\/\/minimalview.shop\/es\/wp-json\/wp\/v2\/media?parent=2206"}],"wp:term":[{"taxonomy":"product_brand","embeddable":true,"href":"https:\/\/minimalview.shop\/es\/wp-json\/wp\/v2\/product_brand?post=2206"},{"taxonomy":"product_cat","embeddable":true,"href":"https:\/\/minimalview.shop\/es\/wp-json\/wp\/v2\/product_cat?post=2206"},{"taxonomy":"product_tag","embeddable":true,"href":"https:\/\/minimalview.shop\/es\/wp-json\/wp\/v2\/product_tag?post=2206"}],"curies":[{"name":"wp","href":"https:\/\/api.w.org\/{rel}","templated":true}]}}