{"id":2345,"date":"2025-12-19T04:39:48","date_gmt":"2025-12-19T04:39:48","guid":{"rendered":"https:\/\/minimalview.shop\/?post_type=product&#038;p=2345"},"modified":"2025-12-19T11:34:47","modified_gmt":"2025-12-19T11:34:47","slug":"ai-okosuveg-800w-os-sony-felkepzogeppel-openai-felismeres-1080p-csillapitasi-video-elo-idobeni-forditas-es-hosszu-akkumulator-elettartam","status":"publish","type":"product","link":"https:\/\/minimalview.shop\/es\/producto\/ai-okosuveg-800w-os-sony-felkepzogeppel-openai-felismeres-1080p-csillapitasi-video-elo-idobeni-forditas-es-hosszu-akkumulator-elettartam\/","title":{"rendered":"Alarma de infrarrojos de 800 W Sony | Alarma de infrarrojos OpenAI, v\u00eddeo 1080P, detecci\u00f3n de incendios y alarma de incendios de alta velocidad."},"content":{"rendered":"<p>Descripci\u00f3n<\/p>\n<div id=\"offer-template-0\">\n<p>Par\u00e1metros del producto:<\/p>\n<p>1.chip:JL7018F.<br \/>\n2.Bater\u00eda:320mAh.<br \/>\n3.Puerto de carga: carga r\u00e1pida magn\u00e9tica de 2 clavijas.<br \/>\n4.C\u00e1mara:800W.<br \/>\n5.V\u00eddeo:1080P 30 fotogramas.<br \/>\n6.Altavoz: Altavoces de graves HIFI dobles.<br \/>\n7.Foto\/Video:soporta transmisi\u00f3n Wi-Fi.<br \/>\n8.Anti-Shake: Algoritmo anti-shake por software.<\/p>\n<\/div>\n<div><img decoding=\"async\" src=\"https:\/\/ae01.alicdn.com\/kf\/Saa5ca8a7893e448a8900ae56f9b926b0A.jpg\" usemap=\"#_sdmap_0\" width=\"100%\" height=\"auto\" \/><img decoding=\"async\" src=\"https:\/\/ae01.alicdn.com\/kf\/S8e79b3fdea9847acac60eba5ea8d0559B.jpg\" usemap=\"#_sdmap_1\" width=\"100%\" height=\"auto\" \/><img decoding=\"async\" src=\"https:\/\/ae01.alicdn.com\/kf\/Saf416cafb75e4eaf8ef7685ffd29e84fV.jpg\" usemap=\"#_sdmap_2\" width=\"100%\" height=\"auto\" \/><img decoding=\"async\" src=\"https:\/\/ae01.alicdn.com\/kf\/S043f92d6b3fe4beea6482268810bd4b5l.jpg\" usemap=\"#_sdmap_3\" width=\"100%\" height=\"auto\" \/><img decoding=\"async\" src=\"https:\/\/ae01.alicdn.com\/kf\/Sbf20a0ff593047619ba93fe955f8727f1.jpg\" usemap=\"#_sdmap_4\" width=\"100%\" height=\"auto\" \/><img decoding=\"async\" src=\"https:\/\/ae01.alicdn.com\/kf\/Sdba2111b916149f6870a902b5ffb43c9y.jpg\" usemap=\"#_sdmap_5\" width=\"100%\" height=\"auto\" \/><img decoding=\"async\" src=\"https:\/\/ae01.alicdn.com\/kf\/S2bfa15ab34494a94bf4f0d77ec91c9a31.jpg\" usemap=\"#_sdmap_6\" width=\"100%\" height=\"auto\" \/><img decoding=\"async\" src=\"https:\/\/ae01.alicdn.com\/kf\/S651b5eeb3b8d4c9387ea2635ff9105666.jpg\" usemap=\"#_sdmap_7\" width=\"100%\" height=\"auto\" \/><img decoding=\"async\" src=\"https:\/\/ae01.alicdn.com\/kf\/Sc750b253109c4575b62235847791b5c2W.jpg\" usemap=\"#_sdmap_8\" width=\"100%\" height=\"auto\" \/><img decoding=\"async\" src=\"https:\/\/ae01.alicdn.com\/kf\/Sf7dad96dce764c07967f4e1027eb2020v.jpg\" usemap=\"#_sdmap_9\" width=\"100%\" height=\"auto\" \/><img decoding=\"async\" src=\"https:\/\/ae01.alicdn.com\/kf\/S3efc04acd54143e7b537b9885aa31f2fE.jpg\" usemap=\"#_sdmap_10\" width=\"100%\" height=\"auto\" \/><img decoding=\"async\" src=\"https:\/\/ae01.alicdn.com\/kf\/S5d25f0d44ffc460499ef1b34f7e527636.jpg\" usemap=\"#_sdmap_11\" width=\"100%\" height=\"auto\" \/><img decoding=\"async\" src=\"https:\/\/ae01.alicdn.com\/kf\/S873b34e03cd34c5ba0dae55d0c1e36830.jpg\" usemap=\"#_sdmap_12\" width=\"100%\" height=\"auto\" \/><img decoding=\"async\" src=\"https:\/\/ae01.alicdn.com\/kf\/S2ba7fbb6e1244a4fb5721faab47af69fc.jpg\" usemap=\"#_sdmap_13\" width=\"100%\" height=\"auto\" \/><img decoding=\"async\" src=\"https:\/\/ae01.alicdn.com\/kf\/Sda82fa013fce47b8b320a1fb0877bc03n.jpg\" usemap=\"#_sdmap_14\" width=\"100%\" height=\"auto\" \/><\/div>","protected":false},"excerpt":{"rendered":"<p>Description Product parameters: 1.chip:JL7018F. 2.Battery:320mAh. 3.Charging Port:2-pin magnetic fast charging. 4.Camera:800W. 5.Video:1080P 30 frames. 6.Speaker:Dual HIFI Bass speakers. 7.Photo\/Video:support Wi-Fi transmission. 8.Anti-Shake:Software anti-shake algorithm.<\/p>","protected":false},"featured_media":2346,"comment_status":"open","ping_status":"closed","template":"","meta":{"_acf_changed":false},"product_brand":[],"product_cat":[41],"product_tag":[],"class_list":{"0":"post-2345","1":"product","2":"type-product","3":"status-publish","4":"has-post-thumbnail","6":"product_cat-home-living","8":"first","9":"instock","10":"sale","11":"shipping-taxable","12":"purchasable","13":"product-type-simple"},"acf":[],"_links":{"self":[{"href":"https:\/\/minimalview.shop\/es\/wp-json\/wp\/v2\/product\/2345","targetHints":{"allow":["GET"]}}],"collection":[{"href":"https:\/\/minimalview.shop\/es\/wp-json\/wp\/v2\/product"}],"about":[{"href":"https:\/\/minimalview.shop\/es\/wp-json\/wp\/v2\/types\/product"}],"replies":[{"embeddable":true,"href":"https:\/\/minimalview.shop\/es\/wp-json\/wp\/v2\/comments?post=2345"}],"version-history":[{"count":3,"href":"https:\/\/minimalview.shop\/es\/wp-json\/wp\/v2\/product\/2345\/revisions"}],"predecessor-version":[{"id":2355,"href":"https:\/\/minimalview.shop\/es\/wp-json\/wp\/v2\/product\/2345\/revisions\/2355"}],"wp:featuredmedia":[{"embeddable":true,"href":"https:\/\/minimalview.shop\/es\/wp-json\/wp\/v2\/media\/2346"}],"wp:attachment":[{"href":"https:\/\/minimalview.shop\/es\/wp-json\/wp\/v2\/media?parent=2345"}],"wp:term":[{"taxonomy":"product_brand","embeddable":true,"href":"https:\/\/minimalview.shop\/es\/wp-json\/wp\/v2\/product_brand?post=2345"},{"taxonomy":"product_cat","embeddable":true,"href":"https:\/\/minimalview.shop\/es\/wp-json\/wp\/v2\/product_cat?post=2345"},{"taxonomy":"product_tag","embeddable":true,"href":"https:\/\/minimalview.shop\/es\/wp-json\/wp\/v2\/product_tag?post=2345"}],"curies":[{"name":"wp","href":"https:\/\/api.w.org\/{rel}","templated":true}]}}