{"id":2799,"date":"2026-03-11T02:08:04","date_gmt":"2026-03-11T02:08:04","guid":{"rendered":"https:\/\/minimalview.shop\/?post_type=product&#038;p=2799"},"modified":"2026-03-18T03:20:41","modified_gmt":"2026-03-18T03:20:41","slug":"no-pull-dog-harness-leash-set-2-counts-set-escape-proof-reflective-adjustable-pet-vest-soft-padded-pet-harness-with-handle-for-small-to-large-dogs","status":"publish","type":"product","link":"https:\/\/minimalview.shop\/es\/producto\/no-pull-dog-harness-leash-set-2-counts-set-escape-proof-reflective-adjustable-pet-vest-soft-padded-pet-harness-with-handle-for-small-to-large-dogs\/","title":{"rendered":"No Pull Dog Harness &amp; Leash Set (2 Counts\/set), Escape Proof Reflective Adjustable Pet Vest, Arn\u00e9s acolchado suave con asa para perros peque\u00f1os y grandes"},"content":{"rendered":"<div data-elementor-type=\"product-post\" data-elementor-id=\"2799\" class=\"elementor elementor-2799\" data-elementor-post-type=\"product\">\n\t\t\t\t<div class=\"elementor-element elementor-element-529fd7a0 e-flex e-con-boxed e-con e-parent\" data-id=\"529fd7a0\" data-element_type=\"container\" data-settings=\"{&quot;ekit_has_onepagescroll_dot&quot;:&quot;yes&quot;}\">\n\t\t\t\t\t<div class=\"e-con-inner\">\n\t\t\t\t<div class=\"elementor-element elementor-element-2b5c41d8 elementor-widget elementor-widget-image\" data-id=\"2b5c41d8\" data-element_type=\"widget\" data-settings=\"{&quot;ekit_we_effect_on&quot;:&quot;none&quot;}\" data-widget_type=\"image.default\">\n\t\t\t\t<div class=\"elementor-widget-container\">\n\t\t\t\t\t\t\t\t\t\t\t\t\t\t\t<img fetchpriority=\"high\" decoding=\"async\" width=\"1600\" height=\"1600\" src=\"https:\/\/minimalview.shop\/wp-content\/uploads\/2026\/03\/575dfbdf513c4fbdb3346fce5007cfd3.jpeg_tplv-a9rns2rl98-image_pre_watermark_1_5b-1.jpg\" class=\"attachment-full size-full wp-image-2809 wvs-archive-product-image\" alt=\"\" srcset=\"https:\/\/minimalview.shop\/wp-content\/uploads\/2026\/03\/575dfbdf513c4fbdb3346fce5007cfd3.jpeg_tplv-a9rns2rl98-image_pre_watermark_1_5b-1.jpg 1600w, https:\/\/minimalview.shop\/wp-content\/uploads\/2026\/03\/575dfbdf513c4fbdb3346fce5007cfd3.jpeg_tplv-a9rns2rl98-image_pre_watermark_1_5b-1-300x300.jpg 300w, https:\/\/minimalview.shop\/wp-content\/uploads\/2026\/03\/575dfbdf513c4fbdb3346fce5007cfd3.jpeg_tplv-a9rns2rl98-image_pre_watermark_1_5b-1-1024x1024.jpg 1024w, https:\/\/minimalview.shop\/wp-content\/uploads\/2026\/03\/575dfbdf513c4fbdb3346fce5007cfd3.jpeg_tplv-a9rns2rl98-image_pre_watermark_1_5b-1-150x150.jpg 150w, https:\/\/minimalview.shop\/wp-content\/uploads\/2026\/03\/575dfbdf513c4fbdb3346fce5007cfd3.jpeg_tplv-a9rns2rl98-image_pre_watermark_1_5b-1-768x768.jpg 768w, https:\/\/minimalview.shop\/wp-content\/uploads\/2026\/03\/575dfbdf513c4fbdb3346fce5007cfd3.jpeg_tplv-a9rns2rl98-image_pre_watermark_1_5b-1-1536x1536.jpg 1536w, https:\/\/minimalview.shop\/wp-content\/uploads\/2026\/03\/575dfbdf513c4fbdb3346fce5007cfd3.jpeg_tplv-a9rns2rl98-image_pre_watermark_1_5b-1-12x12.jpg 12w, https:\/\/minimalview.shop\/wp-content\/uploads\/2026\/03\/575dfbdf513c4fbdb3346fce5007cfd3.jpeg_tplv-a9rns2rl98-image_pre_watermark_1_5b-1-600x600.jpg 600w, https:\/\/minimalview.shop\/wp-content\/uploads\/2026\/03\/575dfbdf513c4fbdb3346fce5007cfd3.jpeg_tplv-a9rns2rl98-image_pre_watermark_1_5b-1-100x100.jpg 100w, https:\/\/minimalview.shop\/wp-content\/uploads\/2026\/03\/575dfbdf513c4fbdb3346fce5007cfd3.jpeg_tplv-a9rns2rl98-image_pre_watermark_1_5b-1-50x50.jpg 50w\" sizes=\"(max-width: 1600px) 100vw, 1600px\" \/>\t\t\t\t\t\t\t\t\t\t\t\t\t\t\t<\/div>\n\t\t\t\t<\/div>\n\t\t\t\t<div class=\"elementor-element elementor-element-55210f63 elementor-widget elementor-widget-image\" data-id=\"55210f63\" data-element_type=\"widget\" data-settings=\"{&quot;ekit_we_effect_on&quot;:&quot;none&quot;}\" data-widget_type=\"image.default\">\n\t\t\t\t<div class=\"elementor-widget-container\">\n\t\t\t\t\t\t\t\t\t\t\t\t\t\t\t<img decoding=\"async\" width=\"1600\" height=\"1600\" src=\"https:\/\/minimalview.shop\/wp-content\/uploads\/2026\/03\/79bd0eb3137b4ca1870a1d9f748ecff6.jpeg_tplv-a9rns2rl98-image_pre_watermark_1_5b-1.jpg\" class=\"attachment-full size-full wp-image-2810 wvs-archive-product-image\" alt=\"\" srcset=\"https:\/\/minimalview.shop\/wp-content\/uploads\/2026\/03\/79bd0eb3137b4ca1870a1d9f748ecff6.jpeg_tplv-a9rns2rl98-image_pre_watermark_1_5b-1.jpg 1600w, https:\/\/minimalview.shop\/wp-content\/uploads\/2026\/03\/79bd0eb3137b4ca1870a1d9f748ecff6.jpeg_tplv-a9rns2rl98-image_pre_watermark_1_5b-1-300x300.jpg 300w, https:\/\/minimalview.shop\/wp-content\/uploads\/2026\/03\/79bd0eb3137b4ca1870a1d9f748ecff6.jpeg_tplv-a9rns2rl98-image_pre_watermark_1_5b-1-1024x1024.jpg 1024w, https:\/\/minimalview.shop\/wp-content\/uploads\/2026\/03\/79bd0eb3137b4ca1870a1d9f748ecff6.jpeg_tplv-a9rns2rl98-image_pre_watermark_1_5b-1-150x150.jpg 150w, https:\/\/minimalview.shop\/wp-content\/uploads\/2026\/03\/79bd0eb3137b4ca1870a1d9f748ecff6.jpeg_tplv-a9rns2rl98-image_pre_watermark_1_5b-1-768x768.jpg 768w, https:\/\/minimalview.shop\/wp-content\/uploads\/2026\/03\/79bd0eb3137b4ca1870a1d9f748ecff6.jpeg_tplv-a9rns2rl98-image_pre_watermark_1_5b-1-1536x1536.jpg 1536w, https:\/\/minimalview.shop\/wp-content\/uploads\/2026\/03\/79bd0eb3137b4ca1870a1d9f748ecff6.jpeg_tplv-a9rns2rl98-image_pre_watermark_1_5b-1-12x12.jpg 12w, https:\/\/minimalview.shop\/wp-content\/uploads\/2026\/03\/79bd0eb3137b4ca1870a1d9f748ecff6.jpeg_tplv-a9rns2rl98-image_pre_watermark_1_5b-1-600x600.jpg 600w, https:\/\/minimalview.shop\/wp-content\/uploads\/2026\/03\/79bd0eb3137b4ca1870a1d9f748ecff6.jpeg_tplv-a9rns2rl98-image_pre_watermark_1_5b-1-100x100.jpg 100w, https:\/\/minimalview.shop\/wp-content\/uploads\/2026\/03\/79bd0eb3137b4ca1870a1d9f748ecff6.jpeg_tplv-a9rns2rl98-image_pre_watermark_1_5b-1-50x50.jpg 50w\" sizes=\"(max-width: 1600px) 100vw, 1600px\" \/>\t\t\t\t\t\t\t\t\t\t\t\t\t\t\t<\/div>\n\t\t\t\t<\/div>\n\t\t\t\t<div class=\"elementor-element elementor-element-36f91dea elementor-widget elementor-widget-image\" data-id=\"36f91dea\" data-element_type=\"widget\" data-settings=\"{&quot;ekit_we_effect_on&quot;:&quot;none&quot;}\" data-widget_type=\"image.default\">\n\t\t\t\t<div class=\"elementor-widget-container\">\n\t\t\t\t\t\t\t\t\t\t\t\t\t\t\t<img decoding=\"async\" width=\"1600\" height=\"1600\" src=\"https:\/\/minimalview.shop\/wp-content\/uploads\/2026\/03\/d6ac94ae095848798c8e19a35eb31627.jpeg_tplv-a9rns2rl98-image_pre_watermark_1_5b-1.jpg\" class=\"attachment-full size-full wp-image-2811 wvs-archive-product-image\" alt=\"\" srcset=\"https:\/\/minimalview.shop\/wp-content\/uploads\/2026\/03\/d6ac94ae095848798c8e19a35eb31627.jpeg_tplv-a9rns2rl98-image_pre_watermark_1_5b-1.jpg 1600w, https:\/\/minimalview.shop\/wp-content\/uploads\/2026\/03\/d6ac94ae095848798c8e19a35eb31627.jpeg_tplv-a9rns2rl98-image_pre_watermark_1_5b-1-300x300.jpg 300w, https:\/\/minimalview.shop\/wp-content\/uploads\/2026\/03\/d6ac94ae095848798c8e19a35eb31627.jpeg_tplv-a9rns2rl98-image_pre_watermark_1_5b-1-1024x1024.jpg 1024w, https:\/\/minimalview.shop\/wp-content\/uploads\/2026\/03\/d6ac94ae095848798c8e19a35eb31627.jpeg_tplv-a9rns2rl98-image_pre_watermark_1_5b-1-150x150.jpg 150w, https:\/\/minimalview.shop\/wp-content\/uploads\/2026\/03\/d6ac94ae095848798c8e19a35eb31627.jpeg_tplv-a9rns2rl98-image_pre_watermark_1_5b-1-768x768.jpg 768w, https:\/\/minimalview.shop\/wp-content\/uploads\/2026\/03\/d6ac94ae095848798c8e19a35eb31627.jpeg_tplv-a9rns2rl98-image_pre_watermark_1_5b-1-1536x1536.jpg 1536w, https:\/\/minimalview.shop\/wp-content\/uploads\/2026\/03\/d6ac94ae095848798c8e19a35eb31627.jpeg_tplv-a9rns2rl98-image_pre_watermark_1_5b-1-12x12.jpg 12w, https:\/\/minimalview.shop\/wp-content\/uploads\/2026\/03\/d6ac94ae095848798c8e19a35eb31627.jpeg_tplv-a9rns2rl98-image_pre_watermark_1_5b-1-600x600.jpg 600w, https:\/\/minimalview.shop\/wp-content\/uploads\/2026\/03\/d6ac94ae095848798c8e19a35eb31627.jpeg_tplv-a9rns2rl98-image_pre_watermark_1_5b-1-100x100.jpg 100w, https:\/\/minimalview.shop\/wp-content\/uploads\/2026\/03\/d6ac94ae095848798c8e19a35eb31627.jpeg_tplv-a9rns2rl98-image_pre_watermark_1_5b-1-50x50.jpg 50w\" sizes=\"(max-width: 1600px) 100vw, 1600px\" \/>\t\t\t\t\t\t\t\t\t\t\t\t\t\t\t<\/div>\n\t\t\t\t<\/div>\n\t\t\t\t<div class=\"elementor-element elementor-element-46f39d12 elementor-widget elementor-widget-image\" data-id=\"46f39d12\" data-element_type=\"widget\" data-settings=\"{&quot;ekit_we_effect_on&quot;:&quot;none&quot;}\" data-widget_type=\"image.default\">\n\t\t\t\t<div class=\"elementor-widget-container\">\n\t\t\t\t\t\t\t\t\t\t\t\t\t\t\t<img loading=\"lazy\" decoding=\"async\" width=\"1600\" height=\"1600\" src=\"https:\/\/minimalview.shop\/wp-content\/uploads\/2026\/03\/2ead9fe06e3c4456ba3bcccfa05988e5.jpeg_tplv-a9rns2rl98-image_pre_watermark_1_5b-1.jpg\" class=\"attachment-full size-full wp-image-2812 wvs-archive-product-image\" alt=\"\" srcset=\"https:\/\/minimalview.shop\/wp-content\/uploads\/2026\/03\/2ead9fe06e3c4456ba3bcccfa05988e5.jpeg_tplv-a9rns2rl98-image_pre_watermark_1_5b-1.jpg 1600w, https:\/\/minimalview.shop\/wp-content\/uploads\/2026\/03\/2ead9fe06e3c4456ba3bcccfa05988e5.jpeg_tplv-a9rns2rl98-image_pre_watermark_1_5b-1-300x300.jpg 300w, https:\/\/minimalview.shop\/wp-content\/uploads\/2026\/03\/2ead9fe06e3c4456ba3bcccfa05988e5.jpeg_tplv-a9rns2rl98-image_pre_watermark_1_5b-1-1024x1024.jpg 1024w, https:\/\/minimalview.shop\/wp-content\/uploads\/2026\/03\/2ead9fe06e3c4456ba3bcccfa05988e5.jpeg_tplv-a9rns2rl98-image_pre_watermark_1_5b-1-150x150.jpg 150w, https:\/\/minimalview.shop\/wp-content\/uploads\/2026\/03\/2ead9fe06e3c4456ba3bcccfa05988e5.jpeg_tplv-a9rns2rl98-image_pre_watermark_1_5b-1-768x768.jpg 768w, https:\/\/minimalview.shop\/wp-content\/uploads\/2026\/03\/2ead9fe06e3c4456ba3bcccfa05988e5.jpeg_tplv-a9rns2rl98-image_pre_watermark_1_5b-1-1536x1536.jpg 1536w, https:\/\/minimalview.shop\/wp-content\/uploads\/2026\/03\/2ead9fe06e3c4456ba3bcccfa05988e5.jpeg_tplv-a9rns2rl98-image_pre_watermark_1_5b-1-12x12.jpg 12w, https:\/\/minimalview.shop\/wp-content\/uploads\/2026\/03\/2ead9fe06e3c4456ba3bcccfa05988e5.jpeg_tplv-a9rns2rl98-image_pre_watermark_1_5b-1-600x600.jpg 600w, https:\/\/minimalview.shop\/wp-content\/uploads\/2026\/03\/2ead9fe06e3c4456ba3bcccfa05988e5.jpeg_tplv-a9rns2rl98-image_pre_watermark_1_5b-1-100x100.jpg 100w, https:\/\/minimalview.shop\/wp-content\/uploads\/2026\/03\/2ead9fe06e3c4456ba3bcccfa05988e5.jpeg_tplv-a9rns2rl98-image_pre_watermark_1_5b-1-50x50.jpg 50w\" sizes=\"(max-width: 1600px) 100vw, 1600px\" \/>\t\t\t\t\t\t\t\t\t\t\t\t\t\t\t<\/div>\n\t\t\t\t<\/div>\n\t\t\t\t<div class=\"elementor-element elementor-element-590d7117 elementor-widget elementor-widget-image\" data-id=\"590d7117\" data-element_type=\"widget\" data-settings=\"{&quot;ekit_we_effect_on&quot;:&quot;none&quot;}\" data-widget_type=\"image.default\">\n\t\t\t\t<div class=\"elementor-widget-container\">\n\t\t\t\t\t\t\t\t\t\t\t\t\t\t\t<img loading=\"lazy\" decoding=\"async\" width=\"1600\" height=\"1600\" src=\"https:\/\/minimalview.shop\/wp-content\/uploads\/2026\/03\/Sbbf540fb1cd34876929ed7d51ef05d4e4-1.webp\" class=\"attachment-full size-full wp-image-2813 wvs-archive-product-image\" alt=\"\" srcset=\"https:\/\/minimalview.shop\/wp-content\/uploads\/2026\/03\/Sbbf540fb1cd34876929ed7d51ef05d4e4-1.webp 1600w, https:\/\/minimalview.shop\/wp-content\/uploads\/2026\/03\/Sbbf540fb1cd34876929ed7d51ef05d4e4-1-300x300.webp 300w, https:\/\/minimalview.shop\/wp-content\/uploads\/2026\/03\/Sbbf540fb1cd34876929ed7d51ef05d4e4-1-1024x1024.webp 1024w, https:\/\/minimalview.shop\/wp-content\/uploads\/2026\/03\/Sbbf540fb1cd34876929ed7d51ef05d4e4-1-150x150.webp 150w, https:\/\/minimalview.shop\/wp-content\/uploads\/2026\/03\/Sbbf540fb1cd34876929ed7d51ef05d4e4-1-768x768.webp 768w, https:\/\/minimalview.shop\/wp-content\/uploads\/2026\/03\/Sbbf540fb1cd34876929ed7d51ef05d4e4-1-1536x1536.webp 1536w, https:\/\/minimalview.shop\/wp-content\/uploads\/2026\/03\/Sbbf540fb1cd34876929ed7d51ef05d4e4-1-12x12.webp 12w, https:\/\/minimalview.shop\/wp-content\/uploads\/2026\/03\/Sbbf540fb1cd34876929ed7d51ef05d4e4-1-600x600.webp 600w, https:\/\/minimalview.shop\/wp-content\/uploads\/2026\/03\/Sbbf540fb1cd34876929ed7d51ef05d4e4-1-100x100.webp 100w, https:\/\/minimalview.shop\/wp-content\/uploads\/2026\/03\/Sbbf540fb1cd34876929ed7d51ef05d4e4-1-50x50.webp 50w\" sizes=\"(max-width: 1600px) 100vw, 1600px\" \/>\t\t\t\t\t\t\t\t\t\t\t\t\t\t\t<\/div>\n\t\t\t\t<\/div>\n\t\t\t\t<div class=\"elementor-element elementor-element-3b42b7c5 elementor-widget elementor-widget-image\" data-id=\"3b42b7c5\" data-element_type=\"widget\" data-settings=\"{&quot;ekit_we_effect_on&quot;:&quot;none&quot;}\" data-widget_type=\"image.default\">\n\t\t\t\t<div class=\"elementor-widget-container\">\n\t\t\t\t\t\t\t\t\t\t\t\t\t\t\t<img loading=\"lazy\" decoding=\"async\" width=\"1600\" height=\"1600\" src=\"https:\/\/minimalview.shop\/wp-content\/uploads\/2026\/03\/S69d31df00e074dfe850fc815f500786bB-1.webp\" class=\"attachment-full size-full wp-image-2814 wvs-archive-product-image\" alt=\"\" srcset=\"https:\/\/minimalview.shop\/wp-content\/uploads\/2026\/03\/S69d31df00e074dfe850fc815f500786bB-1.webp 1600w, https:\/\/minimalview.shop\/wp-content\/uploads\/2026\/03\/S69d31df00e074dfe850fc815f500786bB-1-300x300.webp 300w, https:\/\/minimalview.shop\/wp-content\/uploads\/2026\/03\/S69d31df00e074dfe850fc815f500786bB-1-1024x1024.webp 1024w, https:\/\/minimalview.shop\/wp-content\/uploads\/2026\/03\/S69d31df00e074dfe850fc815f500786bB-1-150x150.webp 150w, https:\/\/minimalview.shop\/wp-content\/uploads\/2026\/03\/S69d31df00e074dfe850fc815f500786bB-1-768x768.webp 768w, https:\/\/minimalview.shop\/wp-content\/uploads\/2026\/03\/S69d31df00e074dfe850fc815f500786bB-1-1536x1536.webp 1536w, https:\/\/minimalview.shop\/wp-content\/uploads\/2026\/03\/S69d31df00e074dfe850fc815f500786bB-1-12x12.webp 12w, https:\/\/minimalview.shop\/wp-content\/uploads\/2026\/03\/S69d31df00e074dfe850fc815f500786bB-1-600x600.webp 600w, https:\/\/minimalview.shop\/wp-content\/uploads\/2026\/03\/S69d31df00e074dfe850fc815f500786bB-1-100x100.webp 100w, https:\/\/minimalview.shop\/wp-content\/uploads\/2026\/03\/S69d31df00e074dfe850fc815f500786bB-1-50x50.webp 50w\" sizes=\"(max-width: 1600px) 100vw, 1600px\" \/>\t\t\t\t\t\t\t\t\t\t\t\t\t\t\t<\/div>\n\t\t\t\t<\/div>\n\t\t\t\t<div class=\"elementor-element elementor-element-5b13e508 elementor-widget elementor-widget-image\" data-id=\"5b13e508\" data-element_type=\"widget\" data-settings=\"{&quot;ekit_we_effect_on&quot;:&quot;none&quot;}\" data-widget_type=\"image.default\">\n\t\t\t\t<div class=\"elementor-widget-container\">\n\t\t\t\t\t\t\t\t\t\t\t\t\t\t\t<img loading=\"lazy\" decoding=\"async\" width=\"1600\" height=\"1600\" src=\"https:\/\/minimalview.shop\/wp-content\/uploads\/2026\/03\/S9f480ca090524746b4f4f6571a13a064h-1.webp\" class=\"attachment-full size-full wp-image-2815 wvs-archive-product-image\" alt=\"\" srcset=\"https:\/\/minimalview.shop\/wp-content\/uploads\/2026\/03\/S9f480ca090524746b4f4f6571a13a064h-1.webp 1600w, https:\/\/minimalview.shop\/wp-content\/uploads\/2026\/03\/S9f480ca090524746b4f4f6571a13a064h-1-300x300.webp 300w, https:\/\/minimalview.shop\/wp-content\/uploads\/2026\/03\/S9f480ca090524746b4f4f6571a13a064h-1-1024x1024.webp 1024w, https:\/\/minimalview.shop\/wp-content\/uploads\/2026\/03\/S9f480ca090524746b4f4f6571a13a064h-1-150x150.webp 150w, https:\/\/minimalview.shop\/wp-content\/uploads\/2026\/03\/S9f480ca090524746b4f4f6571a13a064h-1-768x768.webp 768w, https:\/\/minimalview.shop\/wp-content\/uploads\/2026\/03\/S9f480ca090524746b4f4f6571a13a064h-1-1536x1536.webp 1536w, https:\/\/minimalview.shop\/wp-content\/uploads\/2026\/03\/S9f480ca090524746b4f4f6571a13a064h-1-12x12.webp 12w, https:\/\/minimalview.shop\/wp-content\/uploads\/2026\/03\/S9f480ca090524746b4f4f6571a13a064h-1-600x600.webp 600w, https:\/\/minimalview.shop\/wp-content\/uploads\/2026\/03\/S9f480ca090524746b4f4f6571a13a064h-1-100x100.webp 100w, https:\/\/minimalview.shop\/wp-content\/uploads\/2026\/03\/S9f480ca090524746b4f4f6571a13a064h-1-50x50.webp 50w\" sizes=\"(max-width: 1600px) 100vw, 1600px\" \/>\t\t\t\t\t\t\t\t\t\t\t\t\t\t\t<\/div>\n\t\t\t\t<\/div>\n\t\t\t\t<div class=\"elementor-element elementor-element-79ff15d1 elementor-widget elementor-widget-text-editor\" data-id=\"79ff15d1\" data-element_type=\"widget\" data-settings=\"{&quot;ekit_we_effect_on&quot;:&quot;none&quot;}\" data-widget_type=\"text-editor.default\">\n\t\t\t\t<div class=\"elementor-widget-container\">\n\t\t\t\t\t\t\t\t\t<!DOCTYPE html>\n<html lang=\"es\">\n<head>\n    <meta charset=\"UTF-8\">\n    <meta name=\"viewport\" content=\"width=device-width, initial-scale=1.0\">\n    <title>Especificaciones \u00b7 tabla simple<\/title>\n    <style>\n        body {\n            font-family: Arial, sans-serif;\n            margin: 20px;\n        }\n        table {\n            width: 100%;\n            border-collapse: collapse;\n        }\n        tr {\n            border-bottom: 1px solid #ccc;\n        }\n        td {\n            padding: 10px 5px;\n            vertical-align: top;\n        }\n        td:first-child {\n            font-weight: bold;\n            width: 250px;\n        }\n    <\/style>\n<\/head>\n<body>\n    <h2>Detalles del arn\u00e9s<\/h2>\n    <table>\n        <tr><td>Etapa de la vida<\/td><td>Adulto<\/td><\/tr>\n        <tr><td>Producto qu\u00edmico altamente preocupante<\/td><td>Ninguno<\/td><\/tr>\n        <tr><td>Tipo de arn\u00e9s para perros<\/td><td>Arneses de chaleco<\/td><\/tr>\n        <tr><td>Dispositivo inteligente<\/td><td>No<\/td><\/tr>\n        <tr><td>Es personalizado<\/td><td>No<\/td><\/tr>\n        <tr><td>Caracter\u00edstica<\/td><td>Escapada, Reflectante<\/td><\/tr>\n        <tr><td>Temporada<\/td><td>todas las temporadas<\/td><\/tr>\n        <tr><td>Material<\/td><td>Mezclas de poli\u00e9ster<\/td><\/tr>\n        <tr><td>Tipo<\/td><td>Arneses<\/td><\/tr>\n        <tr><td>Tipo (2)<\/td><td>Perros<\/td><\/tr>\n    <\/table>\n<\/body>\n<\/html>\t\t\t\t\t\t\t\t<\/div>\n\t\t\t\t<\/div>\n\t\t\t\t\t<\/div>\n\t\t\t\t<\/div>\n\t\t\t\t<\/div>","protected":false},"excerpt":{"rendered":"<p>Especificaciones \u00b7 tabla simple Detalles del arn\u00e9s Etapa de vida Adulto Producto qu\u00edmico de alta preocupaci\u00f3n Ninguno Tipo de arn\u00e9s para perros Arneses de chaleco Dispositivo Inteligente No Es personalizado No Caracter\u00edstica Escapada, Reflectante Temporada todas las temporadas Material Mezclas de poli\u00e9ster Tipo Arneses Tipo (2) Perros<\/p>","protected":false},"featured_media":2803,"comment_status":"open","ping_status":"closed","template":"","meta":{"_acf_changed":false},"product_brand":[],"product_cat":[35],"product_tag":[],"class_list":{"0":"post-2799","1":"product","2":"type-product","3":"status-publish","4":"has-post-thumbnail","6":"product_cat-sale","8":"first","9":"instock","10":"sale","11":"shipping-taxable","12":"purchasable","13":"product-type-variable","14":"has-default-attributes","15":"wvs-archive-product-wrapper"},"acf":[],"_links":{"self":[{"href":"https:\/\/minimalview.shop\/es\/wp-json\/wp\/v2\/product\/2799","targetHints":{"allow":["GET"]}}],"collection":[{"href":"https:\/\/minimalview.shop\/es\/wp-json\/wp\/v2\/product"}],"about":[{"href":"https:\/\/minimalview.shop\/es\/wp-json\/wp\/v2\/types\/product"}],"replies":[{"embeddable":true,"href":"https:\/\/minimalview.shop\/es\/wp-json\/wp\/v2\/comments?post=2799"}],"version-history":[{"count":4,"href":"https:\/\/minimalview.shop\/es\/wp-json\/wp\/v2\/product\/2799\/revisions"}],"predecessor-version":[{"id":2823,"href":"https:\/\/minimalview.shop\/es\/wp-json\/wp\/v2\/product\/2799\/revisions\/2823"}],"wp:featuredmedia":[{"embeddable":true,"href":"https:\/\/minimalview.shop\/es\/wp-json\/wp\/v2\/media\/2803"}],"wp:attachment":[{"href":"https:\/\/minimalview.shop\/es\/wp-json\/wp\/v2\/media?parent=2799"}],"wp:term":[{"taxonomy":"product_brand","embeddable":true,"href":"https:\/\/minimalview.shop\/es\/wp-json\/wp\/v2\/product_brand?post=2799"},{"taxonomy":"product_cat","embeddable":true,"href":"https:\/\/minimalview.shop\/es\/wp-json\/wp\/v2\/product_cat?post=2799"},{"taxonomy":"product_tag","embeddable":true,"href":"https:\/\/minimalview.shop\/es\/wp-json\/wp\/v2\/product_tag?post=2799"}],"curies":[{"name":"wp","href":"https:\/\/api.w.org\/{rel}","templated":true}]}}