{"id":2908,"date":"2026-03-31T06:43:55","date_gmt":"2026-03-31T06:43:55","guid":{"rendered":"https:\/\/minimalview.shop\/?post_type=product&#038;p=2908"},"modified":"2026-03-31T06:53:49","modified_gmt":"2026-03-31T06:53:49","slug":"emisor-ultrasonico-profesional-herramienta-de-adiestramiento-canino-dispositivo-antiladridos-para-perro-con-linterna-led-alcance-de-9-m-antiladridos-silencioso-para-perro-detencion-de-ladridos-pa","status":"publish","type":"product","link":"https:\/\/minimalview.shop\/es\/producto\/emisor-ultrasonico-profesional-herramienta-de-adiestramiento-canino-dispositivo-antiladridos-para-perro-con-linterna-led-alcance-de-9-m-antiladridos-silencioso-para-perro-detencion-de-ladridos-pa\/","title":{"rendered":"Emisor ultras\u00f3nico profesional, herramienta de adiestramiento canino, dispositivo antiladridos para perro con linterna LED, alcance de 9 m, antiladridos silencioso para perro, detenci\u00f3n de ladridos para perro port\u00e1til recargable"},"content":{"rendered":"<div data-elementor-type=\"product-post\" data-elementor-id=\"2908\" class=\"elementor elementor-2908\" data-elementor-post-type=\"product\">\n\t\t\t\t<div class=\"elementor-element elementor-element-4b3f9798 e-flex e-con-boxed e-con e-parent\" data-id=\"4b3f9798\" data-element_type=\"container\" data-settings=\"{&quot;ekit_has_onepagescroll_dot&quot;:&quot;yes&quot;}\">\n\t\t\t\t\t<div class=\"e-con-inner\">\n\t\t\t\t<div class=\"elementor-element elementor-element-14dd6ec8 elementor-widget elementor-widget-image\" data-id=\"14dd6ec8\" data-element_type=\"widget\" data-settings=\"{&quot;ekit_we_effect_on&quot;:&quot;none&quot;}\" data-widget_type=\"image.default\">\n\t\t\t\t<div class=\"elementor-widget-container\">\n\t\t\t\t\t\t\t\t\t\t\t\t\t\t\t<img fetchpriority=\"high\" decoding=\"async\" width=\"1000\" height=\"1000\" src=\"https:\/\/minimalview.shop\/wp-content\/uploads\/2026\/03\/Sc86f4311ff9b4602a642ece1ea712fbe6.webp\" class=\"attachment-full size-full wp-image-2918 wvs-archive-product-image\" alt=\"\" srcset=\"https:\/\/minimalview.shop\/wp-content\/uploads\/2026\/03\/Sc86f4311ff9b4602a642ece1ea712fbe6.webp 1000w, https:\/\/minimalview.shop\/wp-content\/uploads\/2026\/03\/Sc86f4311ff9b4602a642ece1ea712fbe6-300x300.webp 300w, https:\/\/minimalview.shop\/wp-content\/uploads\/2026\/03\/Sc86f4311ff9b4602a642ece1ea712fbe6-150x150.webp 150w, https:\/\/minimalview.shop\/wp-content\/uploads\/2026\/03\/Sc86f4311ff9b4602a642ece1ea712fbe6-768x768.webp 768w, https:\/\/minimalview.shop\/wp-content\/uploads\/2026\/03\/Sc86f4311ff9b4602a642ece1ea712fbe6-12x12.webp 12w, https:\/\/minimalview.shop\/wp-content\/uploads\/2026\/03\/Sc86f4311ff9b4602a642ece1ea712fbe6-600x600.webp 600w, https:\/\/minimalview.shop\/wp-content\/uploads\/2026\/03\/Sc86f4311ff9b4602a642ece1ea712fbe6-100x100.webp 100w, https:\/\/minimalview.shop\/wp-content\/uploads\/2026\/03\/Sc86f4311ff9b4602a642ece1ea712fbe6-50x50.webp 50w\" sizes=\"(max-width: 1000px) 100vw, 1000px\" \/>\t\t\t\t\t\t\t\t\t\t\t\t\t\t\t<\/div>\n\t\t\t\t<\/div>\n\t\t\t\t<div class=\"elementor-element elementor-element-627d3251 elementor-widget elementor-widget-image\" data-id=\"627d3251\" data-element_type=\"widget\" data-settings=\"{&quot;ekit_we_effect_on&quot;:&quot;none&quot;}\" data-widget_type=\"image.default\">\n\t\t\t\t<div class=\"elementor-widget-container\">\n\t\t\t\t\t\t\t\t\t\t\t\t\t\t\t<img decoding=\"async\" width=\"1000\" height=\"1483\" src=\"https:\/\/minimalview.shop\/wp-content\/uploads\/2026\/03\/Sd41dea416b41489088b1aa529c01d1c5b.webp\" class=\"attachment-full size-full wp-image-2919 wvs-archive-product-image\" alt=\"\" srcset=\"https:\/\/minimalview.shop\/wp-content\/uploads\/2026\/03\/Sd41dea416b41489088b1aa529c01d1c5b.webp 1000w, https:\/\/minimalview.shop\/wp-content\/uploads\/2026\/03\/Sd41dea416b41489088b1aa529c01d1c5b-202x300.webp 202w, https:\/\/minimalview.shop\/wp-content\/uploads\/2026\/03\/Sd41dea416b41489088b1aa529c01d1c5b-690x1024.webp 690w, https:\/\/minimalview.shop\/wp-content\/uploads\/2026\/03\/Sd41dea416b41489088b1aa529c01d1c5b-768x1139.webp 768w, https:\/\/minimalview.shop\/wp-content\/uploads\/2026\/03\/Sd41dea416b41489088b1aa529c01d1c5b-8x12.webp 8w, https:\/\/minimalview.shop\/wp-content\/uploads\/2026\/03\/Sd41dea416b41489088b1aa529c01d1c5b-600x890.webp 600w\" sizes=\"(max-width: 1000px) 100vw, 1000px\" \/>\t\t\t\t\t\t\t\t\t\t\t\t\t\t\t<\/div>\n\t\t\t\t<\/div>\n\t\t\t\t<div class=\"elementor-element elementor-element-7facc840 elementor-widget elementor-widget-image\" data-id=\"7facc840\" data-element_type=\"widget\" data-settings=\"{&quot;ekit_we_effect_on&quot;:&quot;none&quot;}\" data-widget_type=\"image.default\">\n\t\t\t\t<div class=\"elementor-widget-container\">\n\t\t\t\t\t\t\t\t\t\t\t\t\t\t\t<img decoding=\"async\" width=\"1000\" height=\"712\" src=\"https:\/\/minimalview.shop\/wp-content\/uploads\/2026\/03\/S3f85866cd8fa48ac87e0810c9453c652G.webp\" class=\"attachment-full size-full wp-image-2920 wvs-archive-product-image\" alt=\"\" srcset=\"https:\/\/minimalview.shop\/wp-content\/uploads\/2026\/03\/S3f85866cd8fa48ac87e0810c9453c652G.webp 1000w, https:\/\/minimalview.shop\/wp-content\/uploads\/2026\/03\/S3f85866cd8fa48ac87e0810c9453c652G-300x214.webp 300w, https:\/\/minimalview.shop\/wp-content\/uploads\/2026\/03\/S3f85866cd8fa48ac87e0810c9453c652G-768x547.webp 768w, https:\/\/minimalview.shop\/wp-content\/uploads\/2026\/03\/S3f85866cd8fa48ac87e0810c9453c652G-18x12.webp 18w, https:\/\/minimalview.shop\/wp-content\/uploads\/2026\/03\/S3f85866cd8fa48ac87e0810c9453c652G-600x427.webp 600w\" sizes=\"(max-width: 1000px) 100vw, 1000px\" \/>\t\t\t\t\t\t\t\t\t\t\t\t\t\t\t<\/div>\n\t\t\t\t<\/div>\n\t\t\t\t<div class=\"elementor-element elementor-element-59a1d23b elementor-widget elementor-widget-image\" data-id=\"59a1d23b\" data-element_type=\"widget\" data-settings=\"{&quot;ekit_we_effect_on&quot;:&quot;none&quot;}\" data-widget_type=\"image.default\">\n\t\t\t\t<div class=\"elementor-widget-container\">\n\t\t\t\t\t\t\t\t\t\t\t\t\t\t\t<img loading=\"lazy\" decoding=\"async\" width=\"1000\" height=\"1034\" src=\"https:\/\/minimalview.shop\/wp-content\/uploads\/2026\/03\/S6ea58bc83ce647579f3812113c19bb5eK.webp\" class=\"attachment-full size-full wp-image-2921 wvs-archive-product-image\" alt=\"\" srcset=\"https:\/\/minimalview.shop\/wp-content\/uploads\/2026\/03\/S6ea58bc83ce647579f3812113c19bb5eK.webp 1000w, https:\/\/minimalview.shop\/wp-content\/uploads\/2026\/03\/S6ea58bc83ce647579f3812113c19bb5eK-290x300.webp 290w, https:\/\/minimalview.shop\/wp-content\/uploads\/2026\/03\/S6ea58bc83ce647579f3812113c19bb5eK-990x1024.webp 990w, https:\/\/minimalview.shop\/wp-content\/uploads\/2026\/03\/S6ea58bc83ce647579f3812113c19bb5eK-768x794.webp 768w, https:\/\/minimalview.shop\/wp-content\/uploads\/2026\/03\/S6ea58bc83ce647579f3812113c19bb5eK-12x12.webp 12w, https:\/\/minimalview.shop\/wp-content\/uploads\/2026\/03\/S6ea58bc83ce647579f3812113c19bb5eK-600x620.webp 600w\" sizes=\"(max-width: 1000px) 100vw, 1000px\" \/>\t\t\t\t\t\t\t\t\t\t\t\t\t\t\t<\/div>\n\t\t\t\t<\/div>\n\t\t\t\t<div class=\"elementor-element elementor-element-14b7ef82 elementor-widget elementor-widget-image\" data-id=\"14b7ef82\" data-element_type=\"widget\" data-settings=\"{&quot;ekit_we_effect_on&quot;:&quot;none&quot;}\" data-widget_type=\"image.default\">\n\t\t\t\t<div class=\"elementor-widget-container\">\n\t\t\t\t\t\t\t\t\t\t\t\t\t\t\t<img loading=\"lazy\" decoding=\"async\" width=\"1000\" height=\"1450\" src=\"https:\/\/minimalview.shop\/wp-content\/uploads\/2026\/03\/S90652bf03a65435f96cce73b27787290y.webp\" class=\"attachment-full size-full wp-image-2922 wvs-archive-product-image\" alt=\"\" srcset=\"https:\/\/minimalview.shop\/wp-content\/uploads\/2026\/03\/S90652bf03a65435f96cce73b27787290y.webp 1000w, https:\/\/minimalview.shop\/wp-content\/uploads\/2026\/03\/S90652bf03a65435f96cce73b27787290y-207x300.webp 207w, https:\/\/minimalview.shop\/wp-content\/uploads\/2026\/03\/S90652bf03a65435f96cce73b27787290y-706x1024.webp 706w, https:\/\/minimalview.shop\/wp-content\/uploads\/2026\/03\/S90652bf03a65435f96cce73b27787290y-768x1114.webp 768w, https:\/\/minimalview.shop\/wp-content\/uploads\/2026\/03\/S90652bf03a65435f96cce73b27787290y-8x12.webp 8w, https:\/\/minimalview.shop\/wp-content\/uploads\/2026\/03\/S90652bf03a65435f96cce73b27787290y-600x870.webp 600w\" sizes=\"(max-width: 1000px) 100vw, 1000px\" \/>\t\t\t\t\t\t\t\t\t\t\t\t\t\t\t<\/div>\n\t\t\t\t<\/div>\n\t\t\t\t<div class=\"elementor-element elementor-element-3eb5e5ac elementor-widget elementor-widget-image\" data-id=\"3eb5e5ac\" data-element_type=\"widget\" data-settings=\"{&quot;ekit_we_effect_on&quot;:&quot;none&quot;}\" data-widget_type=\"image.default\">\n\t\t\t\t<div class=\"elementor-widget-container\">\n\t\t\t\t\t\t\t\t\t\t\t\t\t\t\t<img loading=\"lazy\" decoding=\"async\" width=\"1000\" height=\"1473\" src=\"https:\/\/minimalview.shop\/wp-content\/uploads\/2026\/03\/S057c4aa08d3c4eca996a7cc864eb2571e.webp\" class=\"attachment-full size-full wp-image-2923 wvs-archive-product-image\" alt=\"\" srcset=\"https:\/\/minimalview.shop\/wp-content\/uploads\/2026\/03\/S057c4aa08d3c4eca996a7cc864eb2571e.webp 1000w, https:\/\/minimalview.shop\/wp-content\/uploads\/2026\/03\/S057c4aa08d3c4eca996a7cc864eb2571e-204x300.webp 204w, https:\/\/minimalview.shop\/wp-content\/uploads\/2026\/03\/S057c4aa08d3c4eca996a7cc864eb2571e-695x1024.webp 695w, https:\/\/minimalview.shop\/wp-content\/uploads\/2026\/03\/S057c4aa08d3c4eca996a7cc864eb2571e-768x1131.webp 768w, https:\/\/minimalview.shop\/wp-content\/uploads\/2026\/03\/S057c4aa08d3c4eca996a7cc864eb2571e-8x12.webp 8w, https:\/\/minimalview.shop\/wp-content\/uploads\/2026\/03\/S057c4aa08d3c4eca996a7cc864eb2571e-600x884.webp 600w\" sizes=\"(max-width: 1000px) 100vw, 1000px\" \/>\t\t\t\t\t\t\t\t\t\t\t\t\t\t\t<\/div>\n\t\t\t\t<\/div>\n\t\t\t\t<div class=\"elementor-element elementor-element-14209091 elementor-widget elementor-widget-image\" data-id=\"14209091\" data-element_type=\"widget\" data-settings=\"{&quot;ekit_we_effect_on&quot;:&quot;none&quot;}\" data-widget_type=\"image.default\">\n\t\t\t\t<div class=\"elementor-widget-container\">\n\t\t\t\t\t\t\t\t\t\t\t\t\t\t\t<img loading=\"lazy\" decoding=\"async\" width=\"1000\" height=\"1000\" src=\"https:\/\/minimalview.shop\/wp-content\/uploads\/2026\/03\/Sa46ce891509d4ecdbe11ab1a481cc195K.webp\" class=\"attachment-full size-full wp-image-2924 wvs-archive-product-image\" alt=\"\" srcset=\"https:\/\/minimalview.shop\/wp-content\/uploads\/2026\/03\/Sa46ce891509d4ecdbe11ab1a481cc195K.webp 1000w, https:\/\/minimalview.shop\/wp-content\/uploads\/2026\/03\/Sa46ce891509d4ecdbe11ab1a481cc195K-300x300.webp 300w, https:\/\/minimalview.shop\/wp-content\/uploads\/2026\/03\/Sa46ce891509d4ecdbe11ab1a481cc195K-150x150.webp 150w, https:\/\/minimalview.shop\/wp-content\/uploads\/2026\/03\/Sa46ce891509d4ecdbe11ab1a481cc195K-768x768.webp 768w, https:\/\/minimalview.shop\/wp-content\/uploads\/2026\/03\/Sa46ce891509d4ecdbe11ab1a481cc195K-12x12.webp 12w, https:\/\/minimalview.shop\/wp-content\/uploads\/2026\/03\/Sa46ce891509d4ecdbe11ab1a481cc195K-600x600.webp 600w, https:\/\/minimalview.shop\/wp-content\/uploads\/2026\/03\/Sa46ce891509d4ecdbe11ab1a481cc195K-100x100.webp 100w, https:\/\/minimalview.shop\/wp-content\/uploads\/2026\/03\/Sa46ce891509d4ecdbe11ab1a481cc195K-50x50.webp 50w\" sizes=\"(max-width: 1000px) 100vw, 1000px\" \/>\t\t\t\t\t\t\t\t\t\t\t\t\t\t\t<\/div>\n\t\t\t\t<\/div>\n\t\t\t\t<div class=\"elementor-element elementor-element-7db0c0a7 elementor-widget elementor-widget-image\" data-id=\"7db0c0a7\" data-element_type=\"widget\" data-settings=\"{&quot;ekit_we_effect_on&quot;:&quot;none&quot;}\" data-widget_type=\"image.default\">\n\t\t\t\t<div class=\"elementor-widget-container\">\n\t\t\t\t\t\t\t\t\t\t\t\t\t\t\t<img loading=\"lazy\" decoding=\"async\" width=\"1000\" height=\"1000\" src=\"https:\/\/minimalview.shop\/wp-content\/uploads\/2026\/03\/S173de3f41ac74e3c86866593ee5eac91q.webp\" class=\"attachment-full size-full wp-image-2925 wvs-archive-product-image\" alt=\"\" srcset=\"https:\/\/minimalview.shop\/wp-content\/uploads\/2026\/03\/S173de3f41ac74e3c86866593ee5eac91q.webp 1000w, https:\/\/minimalview.shop\/wp-content\/uploads\/2026\/03\/S173de3f41ac74e3c86866593ee5eac91q-300x300.webp 300w, https:\/\/minimalview.shop\/wp-content\/uploads\/2026\/03\/S173de3f41ac74e3c86866593ee5eac91q-150x150.webp 150w, https:\/\/minimalview.shop\/wp-content\/uploads\/2026\/03\/S173de3f41ac74e3c86866593ee5eac91q-768x768.webp 768w, https:\/\/minimalview.shop\/wp-content\/uploads\/2026\/03\/S173de3f41ac74e3c86866593ee5eac91q-12x12.webp 12w, https:\/\/minimalview.shop\/wp-content\/uploads\/2026\/03\/S173de3f41ac74e3c86866593ee5eac91q-600x600.webp 600w, https:\/\/minimalview.shop\/wp-content\/uploads\/2026\/03\/S173de3f41ac74e3c86866593ee5eac91q-100x100.webp 100w, https:\/\/minimalview.shop\/wp-content\/uploads\/2026\/03\/S173de3f41ac74e3c86866593ee5eac91q-50x50.webp 50w\" sizes=\"(max-width: 1000px) 100vw, 1000px\" \/>\t\t\t\t\t\t\t\t\t\t\t\t\t\t\t<\/div>\n\t\t\t\t<\/div>\n\t\t\t\t<div class=\"elementor-element elementor-element-1aa3bacc elementor-widget elementor-widget-image\" data-id=\"1aa3bacc\" data-element_type=\"widget\" data-settings=\"{&quot;ekit_we_effect_on&quot;:&quot;none&quot;}\" data-widget_type=\"image.default\">\n\t\t\t\t<div class=\"elementor-widget-container\">\n\t\t\t\t\t\t\t\t\t\t\t\t\t\t\t<img loading=\"lazy\" decoding=\"async\" width=\"1000\" height=\"1000\" src=\"https:\/\/minimalview.shop\/wp-content\/uploads\/2026\/03\/Sc39016da5ab4486b8799a45cc69f9692j.webp\" class=\"attachment-full size-full wp-image-2926 wvs-archive-product-image\" alt=\"\" srcset=\"https:\/\/minimalview.shop\/wp-content\/uploads\/2026\/03\/Sc39016da5ab4486b8799a45cc69f9692j.webp 1000w, https:\/\/minimalview.shop\/wp-content\/uploads\/2026\/03\/Sc39016da5ab4486b8799a45cc69f9692j-300x300.webp 300w, https:\/\/minimalview.shop\/wp-content\/uploads\/2026\/03\/Sc39016da5ab4486b8799a45cc69f9692j-150x150.webp 150w, https:\/\/minimalview.shop\/wp-content\/uploads\/2026\/03\/Sc39016da5ab4486b8799a45cc69f9692j-768x768.webp 768w, https:\/\/minimalview.shop\/wp-content\/uploads\/2026\/03\/Sc39016da5ab4486b8799a45cc69f9692j-12x12.webp 12w, https:\/\/minimalview.shop\/wp-content\/uploads\/2026\/03\/Sc39016da5ab4486b8799a45cc69f9692j-600x600.webp 600w, https:\/\/minimalview.shop\/wp-content\/uploads\/2026\/03\/Sc39016da5ab4486b8799a45cc69f9692j-100x100.webp 100w, https:\/\/minimalview.shop\/wp-content\/uploads\/2026\/03\/Sc39016da5ab4486b8799a45cc69f9692j-50x50.webp 50w\" sizes=\"(max-width: 1000px) 100vw, 1000px\" \/>\t\t\t\t\t\t\t\t\t\t\t\t\t\t\t<\/div>\n\t\t\t\t<\/div>\n\t\t\t\t<div class=\"elementor-element elementor-element-4ba57a47 elementor-widget elementor-widget-image\" data-id=\"4ba57a47\" data-element_type=\"widget\" data-settings=\"{&quot;ekit_we_effect_on&quot;:&quot;none&quot;}\" data-widget_type=\"image.default\">\n\t\t\t\t<div class=\"elementor-widget-container\">\n\t\t\t\t\t\t\t\t\t\t\t\t\t\t\t<img loading=\"lazy\" decoding=\"async\" width=\"1000\" height=\"1891\" src=\"https:\/\/minimalview.shop\/wp-content\/uploads\/2026\/03\/S6d1a8b79b31f49e0b6c796c36cfbd96ei.webp\" class=\"attachment-full size-full wp-image-2927 wvs-archive-product-image\" alt=\"\" srcset=\"https:\/\/minimalview.shop\/wp-content\/uploads\/2026\/03\/S6d1a8b79b31f49e0b6c796c36cfbd96ei.webp 1000w, https:\/\/minimalview.shop\/wp-content\/uploads\/2026\/03\/S6d1a8b79b31f49e0b6c796c36cfbd96ei-159x300.webp 159w, https:\/\/minimalview.shop\/wp-content\/uploads\/2026\/03\/S6d1a8b79b31f49e0b6c796c36cfbd96ei-542x1024.webp 542w, https:\/\/minimalview.shop\/wp-content\/uploads\/2026\/03\/S6d1a8b79b31f49e0b6c796c36cfbd96ei-768x1452.webp 768w, https:\/\/minimalview.shop\/wp-content\/uploads\/2026\/03\/S6d1a8b79b31f49e0b6c796c36cfbd96ei-812x1536.webp 812w, https:\/\/minimalview.shop\/wp-content\/uploads\/2026\/03\/S6d1a8b79b31f49e0b6c796c36cfbd96ei-6x12.webp 6w, https:\/\/minimalview.shop\/wp-content\/uploads\/2026\/03\/S6d1a8b79b31f49e0b6c796c36cfbd96ei-600x1135.webp 600w\" sizes=\"(max-width: 1000px) 100vw, 1000px\" \/>\t\t\t\t\t\t\t\t\t\t\t\t\t\t\t<\/div>\n\t\t\t\t<\/div>\n\t\t\t\t<div class=\"elementor-element elementor-element-5ad8765 elementor-widget elementor-widget-image\" data-id=\"5ad8765\" data-element_type=\"widget\" data-settings=\"{&quot;ekit_we_effect_on&quot;:&quot;none&quot;}\" data-widget_type=\"image.default\">\n\t\t\t\t<div class=\"elementor-widget-container\">\n\t\t\t\t\t\t\t\t\t\t\t\t\t\t\t<img loading=\"lazy\" decoding=\"async\" width=\"1000\" height=\"1212\" src=\"https:\/\/minimalview.shop\/wp-content\/uploads\/2026\/03\/S09d1a90b5c7f4979a753f7600a45e0efW.webp\" class=\"attachment-full size-full wp-image-2928 wvs-archive-product-image\" alt=\"\" srcset=\"https:\/\/minimalview.shop\/wp-content\/uploads\/2026\/03\/S09d1a90b5c7f4979a753f7600a45e0efW.webp 1000w, https:\/\/minimalview.shop\/wp-content\/uploads\/2026\/03\/S09d1a90b5c7f4979a753f7600a45e0efW-248x300.webp 248w, https:\/\/minimalview.shop\/wp-content\/uploads\/2026\/03\/S09d1a90b5c7f4979a753f7600a45e0efW-845x1024.webp 845w, https:\/\/minimalview.shop\/wp-content\/uploads\/2026\/03\/S09d1a90b5c7f4979a753f7600a45e0efW-768x931.webp 768w, https:\/\/minimalview.shop\/wp-content\/uploads\/2026\/03\/S09d1a90b5c7f4979a753f7600a45e0efW-10x12.webp 10w, https:\/\/minimalview.shop\/wp-content\/uploads\/2026\/03\/S09d1a90b5c7f4979a753f7600a45e0efW-600x727.webp 600w\" sizes=\"(max-width: 1000px) 100vw, 1000px\" \/>\t\t\t\t\t\t\t\t\t\t\t\t\t\t\t<\/div>\n\t\t\t\t<\/div>\n\t\t\t\t<div class=\"elementor-element elementor-element-737a77b7 elementor-widget elementor-widget-image\" data-id=\"737a77b7\" data-element_type=\"widget\" data-settings=\"{&quot;ekit_we_effect_on&quot;:&quot;none&quot;}\" data-widget_type=\"image.default\">\n\t\t\t\t<div class=\"elementor-widget-container\">\n\t\t\t\t\t\t\t\t\t\t\t\t\t\t\t<img loading=\"lazy\" decoding=\"async\" width=\"1000\" height=\"1503\" src=\"https:\/\/minimalview.shop\/wp-content\/uploads\/2026\/03\/Sc0a9c179b7884a7bb31ef13045d6e0d2H.webp\" class=\"attachment-full size-full wp-image-2929 wvs-archive-product-image\" alt=\"\" srcset=\"https:\/\/minimalview.shop\/wp-content\/uploads\/2026\/03\/Sc0a9c179b7884a7bb31ef13045d6e0d2H.webp 1000w, https:\/\/minimalview.shop\/wp-content\/uploads\/2026\/03\/Sc0a9c179b7884a7bb31ef13045d6e0d2H-200x300.webp 200w, https:\/\/minimalview.shop\/wp-content\/uploads\/2026\/03\/Sc0a9c179b7884a7bb31ef13045d6e0d2H-681x1024.webp 681w, https:\/\/minimalview.shop\/wp-content\/uploads\/2026\/03\/Sc0a9c179b7884a7bb31ef13045d6e0d2H-768x1154.webp 768w, https:\/\/minimalview.shop\/wp-content\/uploads\/2026\/03\/Sc0a9c179b7884a7bb31ef13045d6e0d2H-8x12.webp 8w, https:\/\/minimalview.shop\/wp-content\/uploads\/2026\/03\/Sc0a9c179b7884a7bb31ef13045d6e0d2H-600x902.webp 600w\" sizes=\"(max-width: 1000px) 100vw, 1000px\" \/>\t\t\t\t\t\t\t\t\t\t\t\t\t\t\t<\/div>\n\t\t\t\t<\/div>\n\t\t\t\t<div class=\"elementor-element elementor-element-352bd334 elementor-widget elementor-widget-text-editor\" data-id=\"352bd334\" data-element_type=\"widget\" data-settings=\"{&quot;ekit_we_effect_on&quot;:&quot;none&quot;}\" data-widget_type=\"text-editor.default\">\n\t\t\t\t<div class=\"elementor-widget-container\">\n\t\t\t\t\t\t\t\t\t<!DOCTYPE html>\n<html lang=\"es\">\n<head>\n    <meta charset=\"UTF-8\">\n    <meta name=\"viewport\" content=\"width=device-width, initial-scale=1.0\">\n    <title>Especificaciones del producto<\/title>\n    <style>\n        body {\n            font-family: Arial, sans-serif;\n            margin: 20px;\n            background: white;\n        }\n        table {\n            width: 100%;\n            border-collapse: collapse;\n        }\n        tr {\n            border-bottom: 1px solid #ccc;\n        }\n        td {\n            padding: 10px 5px;\n            vertical-align: top;\n        }\n        td:first-child {\n            font-weight: bold;\n            width: 250px;\n        }\n        h2 {\n            margin-bottom: 15px;\n            font-weight: normal;\n        }\n    <\/style>\n<\/head>\n<body>\n    <h2>Informaci\u00f3n adicional<\/h2>\n    <table>\n        <tr><td>Bater\u00eda incluida<\/td><td>No<\/td><\/tr>\n        <tr><td>Mascota objetivo<\/td><td>Perro<\/td><\/tr>\n        <tr><td>Ya sea el\u00e9ctrico<\/td><td>No<\/td><\/tr>\n        <tr><td>Producto qu\u00edmico altamente preocupante<\/td><td>Ninguno<\/td><\/tr>\n        <tr><td>Material<\/td><td>pl\u00e1stico<\/td><\/tr>\n        <tr><td>Tipo de art\u00edculo<\/td><td>Repelentes<\/td><\/tr>\n    <\/table>\n<\/body>\n<\/html>\t\t\t\t\t\t\t\t<\/div>\n\t\t\t\t<\/div>\n\t\t\t\t\t<\/div>\n\t\t\t\t<\/div>\n\t\t\t\t<\/div>","protected":false},"excerpt":{"rendered":"<p>Especificaciones del producto Informaci\u00f3n adicional Bater\u00eda incluida No Mascota objetivo Perro Ya sea el\u00e9ctrico No Producto qu\u00edmico de alta preocupaci\u00f3n Ninguno Material pl\u00e1stico Tipo de art\u00edculo Repelentes<\/p>","protected":false},"featured_media":2909,"comment_status":"open","ping_status":"closed","template":"","meta":{"_acf_changed":false},"product_brand":[],"product_cat":[35],"product_tag":[],"class_list":{"0":"post-2908","1":"product","2":"type-product","3":"status-publish","4":"has-post-thumbnail","6":"product_cat-sale","8":"first","9":"instock","10":"sale","11":"shipping-taxable","12":"purchasable","13":"product-type-simple"},"acf":[],"_links":{"self":[{"href":"https:\/\/minimalview.shop\/es\/wp-json\/wp\/v2\/product\/2908","targetHints":{"allow":["GET"]}}],"collection":[{"href":"https:\/\/minimalview.shop\/es\/wp-json\/wp\/v2\/product"}],"about":[{"href":"https:\/\/minimalview.shop\/es\/wp-json\/wp\/v2\/types\/product"}],"replies":[{"embeddable":true,"href":"https:\/\/minimalview.shop\/es\/wp-json\/wp\/v2\/comments?post=2908"}],"version-history":[{"count":4,"href":"https:\/\/minimalview.shop\/es\/wp-json\/wp\/v2\/product\/2908\/revisions"}],"predecessor-version":[{"id":2937,"href":"https:\/\/minimalview.shop\/es\/wp-json\/wp\/v2\/product\/2908\/revisions\/2937"}],"wp:featuredmedia":[{"embeddable":true,"href":"https:\/\/minimalview.shop\/es\/wp-json\/wp\/v2\/media\/2909"}],"wp:attachment":[{"href":"https:\/\/minimalview.shop\/es\/wp-json\/wp\/v2\/media?parent=2908"}],"wp:term":[{"taxonomy":"product_brand","embeddable":true,"href":"https:\/\/minimalview.shop\/es\/wp-json\/wp\/v2\/product_brand?post=2908"},{"taxonomy":"product_cat","embeddable":true,"href":"https:\/\/minimalview.shop\/es\/wp-json\/wp\/v2\/product_cat?post=2908"},{"taxonomy":"product_tag","embeddable":true,"href":"https:\/\/minimalview.shop\/es\/wp-json\/wp\/v2\/product_tag?post=2908"}],"curies":[{"name":"wp","href":"https:\/\/api.w.org\/{rel}","templated":true}]}}